{"id":5419,"date":"2021-11-03T09:19:17","date_gmt":"2021-11-03T07:19:18","guid":{"rendered":"https:\/\/www.iglobalshop.fi\/?post_type=product&#038;p=5419"},"modified":"2022-11-25T18:45:32","modified_gmt":"2022-11-25T16:45:32","slug":"apple-iphone-13-13-pro-pansarglas-full-cover","status":"publish","type":"product","link":"https:\/\/www.iglobalshop.fi\/sv\/produkt\/apple-iphone-13-13-pro-pansarglas-full-cover\/","title":{"rendered":"Apple iPhone 13 \/ 13 Pro \/ 14 Pansarglas (Full Cover)"},"content":{"rendered":"<div class=\"tws-unique-selling-points--wrapper\">\n<div class=\"tws-unique-selling-points--wrapper\">\n<p>Alla produkter levereras p\u00e5 2-4 vardagar med posten, matkahuolto eller UPS. Best\u00e4llningar gjorda senast kl 14.00 skickas iv\u00e4g samma dag. I kassan kan du v\u00e4lja det leveranss\u00e4tt som passar b\u00e4st f\u00f6r dig.<\/p>\n<p><strong>Postpaket &#8211; 6,90\u20ac<\/strong><\/p>\n<p><strong>Matkahuolto &#8211; 6,90\u20ac<\/strong><\/p>\n<p><strong>UPS &#8211; 24,90\u20ac<\/strong><\/p>\n<\/div>\n<\/div>\n","protected":false},"excerpt":{"rendered":"<p>\u2022 Transparent 3D Premium<\/p>\n<p>\u2022 Installation utan luftbubblor<\/p>\n<p>\u2022 Icke-reflekterande<\/p>\n<p>\u2022 Skyddar telefonen, p\u00e5verkar inte anv\u00e4ndbarheten<\/p>\n<p>\u2022 Mycket h\u00e5rt glas \u2013 9H<\/p>\n","protected":false},"featured_media":5417,"template":"","meta":{"_acf_changed":false},"product_cat":[261,263],"product_tag":[],"class_list":{"0":"post-5419","1":"product","2":"type-product","3":"status-publish","4":"has-post-thumbnail","6":"product_cat-tillbehor","7":"product_cat-pansarglas","8":"pa_valmistaja-apple-sv","10":"first","11":"instock","12":"taxable","13":"shipping-taxable","14":"purchasable","15":"product-type-simple"},"acf":[],"_links":{"self":[{"href":"https:\/\/www.iglobalshop.fi\/sv\/wp-json\/wp\/v2\/product\/5419","targetHints":{"allow":["GET"]}}],"collection":[{"href":"https:\/\/www.iglobalshop.fi\/sv\/wp-json\/wp\/v2\/product"}],"about":[{"href":"https:\/\/www.iglobalshop.fi\/sv\/wp-json\/wp\/v2\/types\/product"}],"wp:featuredmedia":[{"embeddable":true,"href":"https:\/\/www.iglobalshop.fi\/sv\/wp-json\/wp\/v2\/media\/5417"}],"wp:attachment":[{"href":"https:\/\/www.iglobalshop.fi\/sv\/wp-json\/wp\/v2\/media?parent=5419"}],"wp:term":[{"taxonomy":"product_cat","embeddable":true,"href":"https:\/\/www.iglobalshop.fi\/sv\/wp-json\/wp\/v2\/product_cat?post=5419"},{"taxonomy":"product_tag","embeddable":true,"href":"https:\/\/www.iglobalshop.fi\/sv\/wp-json\/wp\/v2\/product_tag?post=5419"}],"curies":[{"name":"wp","href":"https:\/\/api.w.org\/{rel}","templated":true}]}}