{"id":13602,"date":"2026-02-19T11:36:50","date_gmt":"2026-02-19T09:36:50","guid":{"rendered":"https:\/\/www.iglobalshop.fi\/?post_type=product&#038;p=13602"},"modified":"2026-02-19T11:39:38","modified_gmt":"2026-02-19T09:39:38","slug":"iphone-se-2020-128gb-rod-2","status":"publish","type":"product","link":"https:\/\/www.iglobalshop.fi\/sv\/produkt\/iphone-se-2020-128gb-rod-2\/","title":{"rendered":"iPhone SE (2020) 128GB R\u00f6d"},"content":{"rendered":"<div class=\"tws-unique-selling-points--wrapper\">\n<div class=\"tws-unique-selling-points--wrapper\">\n<p>Alla produkter levereras p\u00e5 2-4 vardagar med posten, matkahuolto eller UPS. Best\u00e4llningar gjorda senast kl 14.00 skickas iv\u00e4g samma dag. I kassan kan du v\u00e4lja det leveranss\u00e4tt som passar b\u00e4st f\u00f6r dig.<\/p>\n<p><strong>Postpaket &#8211; 6,90\u20ac<\/strong><\/p>\n<p><strong>Matkahuolto &#8211; 6,90\u20ac<\/strong><\/p>\n<p><strong>UPS &#8211; 24,90\u20ac<\/strong><\/p>\n<\/div>\n<\/div>\n","protected":false},"excerpt":{"rendered":"<p><span class=\"elementor-icon-list-text\"><br \/>\n<i class=\"fas fa-plug\" aria-hidden=\"true\"><\/i><span style=\"font-weight: 400;\">\u00a0 \u00a0 \u00a0Laddningskabel och SIM-korts\u00f6ppnare ing\u00e5r i varje k\u00f6p.<\/span><\/span><\/p>\n<p><i class=\"fas fa-battery-three-quarters\" aria-hidden=\"true\"><\/i><span class=\"elementor-icon-list-text\"><span style=\"font-weight: 400;\">\u00a0 \u00a0 \u00a0Batterierna i alla mobiler har en mycket god kapacitet p\u00e5 minst 80 %.<\/span><\/span><\/p>\n<p><i class=\"fas fa-shield-alt\" aria-hidden=\"true\"><\/i><span class=\"elementor-icon-list-text\"><span style=\"font-weight: 400;\">\u00a0 \u00a0 \u00a0iGlobal erbjuder avgiftsfritt en 12 m\u00e5naders garanti p\u00e5 k\u00f6p av telefoner, datorer och surfplattor.<\/span><\/span><\/p>\n<p><i class=\"fas fa-shipping-fast\" aria-hidden=\"true\"><\/i><span class=\"elementor-icon-list-text\"><span style=\"font-weight: 400;\">\u00a0 \u00a0 \u00a01-3 arbetsdagar leveranstid till ditt n\u00e4rmaste utl\u00e4mningsst\u00e4lle <\/span><\/span><\/p>\n<p><i class=\"far fa-thumbs-up\" aria-hidden=\"true\"><\/i><span class=\"elementor-icon-list-text\"><span style=\"font-weight: 400;\">\u00a0 \u00a0 \u00a0Du \u00e4r alltid v\u00e4lkommen att kostnadsfritt byta eller returnera din mobil inom 14 dagar.<\/span><\/span><\/p>\n","protected":false},"featured_media":6052,"template":"","meta":{"_acf_changed":false},"product_cat":[256,257],"product_tag":[295],"class_list":{"0":"post-13602","1":"product","2":"type-product","3":"status-publish","4":"has-post-thumbnail","6":"product_cat-telefoner","7":"product_cat-apple-sv","8":"product_tag-featured-sv","9":"pa_kuntoluokka-bra","10":"pa_malli-iphone-se-2020-sv","11":"pa_valmistaja-apple-sv","13":"first","14":"instock","15":"purchasable","16":"product-type-simple"},"acf":[],"_links":{"self":[{"href":"https:\/\/www.iglobalshop.fi\/sv\/wp-json\/wp\/v2\/product\/13602","targetHints":{"allow":["GET"]}}],"collection":[{"href":"https:\/\/www.iglobalshop.fi\/sv\/wp-json\/wp\/v2\/product"}],"about":[{"href":"https:\/\/www.iglobalshop.fi\/sv\/wp-json\/wp\/v2\/types\/product"}],"wp:featuredmedia":[{"embeddable":true,"href":"https:\/\/www.iglobalshop.fi\/sv\/wp-json\/wp\/v2\/media\/6052"}],"wp:attachment":[{"href":"https:\/\/www.iglobalshop.fi\/sv\/wp-json\/wp\/v2\/media?parent=13602"}],"wp:term":[{"taxonomy":"product_cat","embeddable":true,"href":"https:\/\/www.iglobalshop.fi\/sv\/wp-json\/wp\/v2\/product_cat?post=13602"},{"taxonomy":"product_tag","embeddable":true,"href":"https:\/\/www.iglobalshop.fi\/sv\/wp-json\/wp\/v2\/product_tag?post=13602"}],"curies":[{"name":"wp","href":"https:\/\/api.w.org\/{rel}","templated":true}]}}