{"id":12614,"date":"2024-11-07T15:54:50","date_gmt":"2024-11-07T13:54:50","guid":{"rendered":"https:\/\/www.iglobalshop.fi\/?post_type=product&#038;p=12614"},"modified":"2024-11-07T15:58:43","modified_gmt":"2024-11-07T13:58:43","slug":"aoc-238-165hz-full-hd-spelskarm-24g2sae-bk","status":"publish","type":"product","link":"https:\/\/www.iglobalshop.fi\/sv\/produkt\/aoc-238-165hz-full-hd-spelskarm-24g2sae-bk\/","title":{"rendered":"AOC 23,8&#8243; 165Hz Full HD Spelsk\u00e4rm, 24G2SAE\/BK"},"content":{"rendered":"<div class=\"tws-unique-selling-points--wrapper\">\n<div class=\"tws-unique-selling-points--wrapper\">\n<p>Alla produkter levereras p\u00e5 2-4 vardagar med posten, matkahuolto eller UPS. Best\u00e4llningar gjorda senast kl 14.00 skickas iv\u00e4g samma dag. I kassan kan du v\u00e4lja det leveranss\u00e4tt som passar b\u00e4st f\u00f6r dig.<\/p>\n<p style=\"text-align: left;\"><strong>Postpaket &#8211; 6,90\u20ac<\/strong><\/p>\n<p style=\"text-align: left;\"><strong>Matkahuolto &#8211; 6,90\u20ac<\/strong><\/p>\n<p style=\"text-align: left;\"><strong>UPS &#8211; 24,90\u20ac<\/strong><\/p>\n<p>&nbsp;<\/p>\n<\/div>\n<\/div>\n","protected":false},"excerpt":{"rendered":"<p>&nbsp;<\/p>\n<p><i class=\"fas fa-shipping-fast\" aria-hidden=\"true\"><\/i><span class=\"elementor-icon-list-text\"><span style=\"font-weight: 400;\">\u00a0 \u00a0 \u00a0Elektronisk lisens nedladdningslink<\/span><\/span><\/p>\n<p><i class=\"far fa-thumbs-up\" aria-hidden=\"true\"><\/i><span class=\"elementor-icon-list-text\"><span style=\"font-weight: 400;\">\u00a0 \u00a0 \u00a0Du \u00e4r alltid v\u00e4lkommen att kostnadsfritt byta eller returnera din mobil inom 14 dagar.<\/span><\/span><\/p>\n","protected":false},"featured_media":12616,"template":"","meta":{"_acf_changed":false},"product_cat":[1243,261],"product_tag":[],"class_list":{"0":"post-12614","1":"product","2":"type-product","3":"status-publish","4":"has-post-thumbnail","6":"product_cat-tillaggsutrustning","7":"product_cat-tillbehor","8":"pa_malli-4g2sae-bk-sv","9":"pa_valmistaja-aoc-sv","11":"first","12":"instock","13":"taxable","14":"shipping-taxable","15":"purchasable","16":"product-type-simple"},"acf":[],"_links":{"self":[{"href":"https:\/\/www.iglobalshop.fi\/sv\/wp-json\/wp\/v2\/product\/12614","targetHints":{"allow":["GET"]}}],"collection":[{"href":"https:\/\/www.iglobalshop.fi\/sv\/wp-json\/wp\/v2\/product"}],"about":[{"href":"https:\/\/www.iglobalshop.fi\/sv\/wp-json\/wp\/v2\/types\/product"}],"wp:featuredmedia":[{"embeddable":true,"href":"https:\/\/www.iglobalshop.fi\/sv\/wp-json\/wp\/v2\/media\/12616"}],"wp:attachment":[{"href":"https:\/\/www.iglobalshop.fi\/sv\/wp-json\/wp\/v2\/media?parent=12614"}],"wp:term":[{"taxonomy":"product_cat","embeddable":true,"href":"https:\/\/www.iglobalshop.fi\/sv\/wp-json\/wp\/v2\/product_cat?post=12614"},{"taxonomy":"product_tag","embeddable":true,"href":"https:\/\/www.iglobalshop.fi\/sv\/wp-json\/wp\/v2\/product_tag?post=12614"}],"curies":[{"name":"wp","href":"https:\/\/api.w.org\/{rel}","templated":true}]}}