{"id":12239,"date":"2024-09-02T08:16:30","date_gmt":"2024-09-02T05:16:31","guid":{"rendered":"https:\/\/www.iglobalshop.fi\/?post_type=product&#038;p=12239"},"modified":"2024-09-02T08:33:41","modified_gmt":"2024-09-02T05:33:41","slug":"microsoft-office-professional-2021-kontors-program-esd","status":"publish","type":"product","link":"https:\/\/www.iglobalshop.fi\/sv\/produkt\/microsoft-office-professional-2021-kontors-program-esd\/","title":{"rendered":"Microsoft Office Professional 2021 -kontors-program, ESD"},"content":{"rendered":"<div class=\"tws-unique-selling-points--wrapper\">\n<div class=\"tws-unique-selling-points--wrapper\">\n<p>Alla produkter levereras p\u00e5 2-4 vardagar med posten, matkahuolto eller UPS. Best\u00e4llningar gjorda senast kl 14.00 skickas iv\u00e4g samma dag. I kassan kan du v\u00e4lja det leveranss\u00e4tt som passar b\u00e4st f\u00f6r dig.<\/p>\n<p style=\"text-align: left;\"><strong>Postpaket &#8211; 6,90\u20ac<\/strong><\/p>\n<p style=\"text-align: left;\"><strong>Matkahuolto &#8211; 6,90\u20ac<\/strong><\/p>\n<p style=\"text-align: left;\"><strong>UPS &#8211; 24,90\u20ac<\/strong><\/p>\n<p>&nbsp;<\/p>\n<p><strong>Viktiga funktioner:<\/strong><\/p>\n<p>-Outlook<br \/>\n-Word<br \/>\n-Excel<br \/>\n-PowerPoint<br \/>\n-OneNote<br \/>\n-Access<br \/>\n-Publisher<\/p>\n<p>1 anv\u00e4ndare \/ 1 dator &#8211; F\u00f6r en anv\u00e4ndare p\u00e5 en dator<br \/>\nVaraktighet: evig licens<br \/>\nInstallationsmedia: inget &#8211; den elektroniska licensen, nedladdningsl\u00e4nken och aktiveringsinstruktionerna levereras till den e-postadress som kunden har angett inom 1-2 arbetsdagar efter att best\u00e4llningen har betalats.<br \/>\nSpr\u00e5k: finska, svenska, engelska och andra<br \/>\nL\u00e4mplig f\u00f6r kommersiellt bruk<\/p>\n<\/div>\n<\/div>\n","protected":false},"excerpt":{"rendered":"<p>&nbsp;<\/p>\n<p><i class=\"fas fa-shipping-fast\" aria-hidden=\"true\"><\/i><span class=\"elementor-icon-list-text\"><span style=\"font-weight: 400;\">\u00a0 \u00a0 \u00a0Elektronisk lisens nedladdningslink<\/span><\/span><\/p>\n<p><i class=\"far fa-thumbs-up\" aria-hidden=\"true\"><\/i><span class=\"elementor-icon-list-text\"><span style=\"font-weight: 400;\">\u00a0 \u00a0 \u00a0Du \u00e4r alltid v\u00e4lkommen att kostnadsfritt byta eller returnera din mobil inom 14 dagar.<\/span><\/span><\/p>\n","protected":false},"featured_media":12241,"template":"","meta":{"_acf_changed":false},"product_cat":[1243,261],"product_tag":[],"class_list":{"0":"post-12239","1":"product","2":"type-product","3":"status-publish","4":"has-post-thumbnail","6":"product_cat-tillaggsutrustning","7":"product_cat-tillbehor","8":"pa_malli-internet-security-sv","9":"pa_valmistaja-f-secure-sv","11":"first","12":"instock","13":"sale","14":"taxable","15":"shipping-taxable","16":"purchasable","17":"product-type-simple"},"acf":[],"_links":{"self":[{"href":"https:\/\/www.iglobalshop.fi\/sv\/wp-json\/wp\/v2\/product\/12239","targetHints":{"allow":["GET"]}}],"collection":[{"href":"https:\/\/www.iglobalshop.fi\/sv\/wp-json\/wp\/v2\/product"}],"about":[{"href":"https:\/\/www.iglobalshop.fi\/sv\/wp-json\/wp\/v2\/types\/product"}],"wp:featuredmedia":[{"embeddable":true,"href":"https:\/\/www.iglobalshop.fi\/sv\/wp-json\/wp\/v2\/media\/12241"}],"wp:attachment":[{"href":"https:\/\/www.iglobalshop.fi\/sv\/wp-json\/wp\/v2\/media?parent=12239"}],"wp:term":[{"taxonomy":"product_cat","embeddable":true,"href":"https:\/\/www.iglobalshop.fi\/sv\/wp-json\/wp\/v2\/product_cat?post=12239"},{"taxonomy":"product_tag","embeddable":true,"href":"https:\/\/www.iglobalshop.fi\/sv\/wp-json\/wp\/v2\/product_tag?post=12239"}],"curies":[{"name":"wp","href":"https:\/\/api.w.org\/{rel}","templated":true}]}}