{"id":11791,"date":"2024-08-19T15:58:13","date_gmt":"2024-08-19T12:58:13","guid":{"rendered":"https:\/\/www.iglobalshop.fi\/?post_type=product&#038;p=11791"},"modified":"2024-09-02T16:55:42","modified_gmt":"2024-09-02T13:55:42","slug":"kontorsdator-r3-4300g-8-512-win-11","status":"publish","type":"product","link":"https:\/\/www.iglobalshop.fi\/sv\/produkt\/kontorsdator-r3-4300g-8-512-win-11\/","title":{"rendered":"Kontorsdator R3-4300G\/8\/512 Win 11"},"content":{"rendered":"<div class=\"tws-unique-selling-points--wrapper\">\n<div class=\"tws-unique-selling-points--wrapper\">\n<p>Alla produkter levereras p\u00e5 2-4 vardagar med posten, matkahuolto eller UPS. Best\u00e4llningar gjorda senast kl 14.00 skickas iv\u00e4g samma dag. I kassan kan du v\u00e4lja det leveranss\u00e4tt som passar b\u00e4st f\u00f6r dig.<\/p>\n<p><strong>Postpaket &#8211; 6,90\u20ac<\/strong><\/p>\n<p><strong>Matkahuolto &#8211; 6,90\u20ac<\/strong><\/p>\n<p><strong>UPS &#8211; 24,90\u20ac<\/strong><\/p>\n<\/div>\n<\/div>\n","protected":false},"excerpt":{"rendered":"<p><span class=\"elementor-icon-list-text\"><br \/>\n<i class=\"fas fa-plug\" aria-hidden=\"true\"><\/i><span style=\"font-weight: 400;\">\u00a0 \u00a0 \u00a0Laddare och laddningskabel medf\u00f6ljer med datorn.<\/span><\/span><\/p>\n<p><i class=\"fab fa-windows\" aria-hidden=\"true\"><\/i><span class=\"elementor-icon-list-text\"><span style=\"font-weight: 400;\">\u00a0 \u00a0 \u00a0Alla dator enheter kommer med en Windows lisens<\/span><\/span><\/p>\n<p><i class=\"fas fa-shield-alt\" aria-hidden=\"true\"><\/i><span class=\"elementor-icon-list-text\"><span style=\"font-weight: 400;\">\u00a0 \u00a0 \u00a0iGlobal erbjuder avgiftsfritt en 12 m\u00e5naders garanti p\u00e5 k\u00f6p av datorer.<\/span><\/span><\/p>\n<p><i class=\"fas fa-shipping-fast\" aria-hidden=\"true\"><\/i><span class=\"elementor-icon-list-text\"><span style=\"font-weight: 400;\">\u00a0 \u00a0 \u00a01-3 arbetsdagar leveranstid till ditt n\u00e4rmaste utl\u00e4mningsst\u00e4lle <\/span><\/span><\/p>\n<p><i class=\"far fa-thumbs-up\" aria-hidden=\"true\"><\/i><span class=\"elementor-icon-list-text\"><span style=\"font-weight: 400;\">\u00a0 \u00a0 \u00a0Du \u00e4r alltid v\u00e4lkommen att kostnadsfritt byta eller returnera din mobil inom 14 dagar.<\/span><\/span><\/p>\n","protected":false},"featured_media":11789,"template":"","meta":{"_acf_changed":false},"product_cat":[1153,1156],"product_tag":[295],"class_list":{"0":"post-11791","1":"product","2":"type-product","3":"status-publish","4":"has-post-thumbnail","6":"product_cat-datorer","7":"product_cat-stationara-datorer","8":"product_tag-featured-sv","9":"pa_valmistaja-osborne-sv","11":"first","12":"outofstock","13":"purchasable","14":"product-type-simple"},"acf":[],"_links":{"self":[{"href":"https:\/\/www.iglobalshop.fi\/sv\/wp-json\/wp\/v2\/product\/11791","targetHints":{"allow":["GET"]}}],"collection":[{"href":"https:\/\/www.iglobalshop.fi\/sv\/wp-json\/wp\/v2\/product"}],"about":[{"href":"https:\/\/www.iglobalshop.fi\/sv\/wp-json\/wp\/v2\/types\/product"}],"wp:featuredmedia":[{"embeddable":true,"href":"https:\/\/www.iglobalshop.fi\/sv\/wp-json\/wp\/v2\/media\/11789"}],"wp:attachment":[{"href":"https:\/\/www.iglobalshop.fi\/sv\/wp-json\/wp\/v2\/media?parent=11791"}],"wp:term":[{"taxonomy":"product_cat","embeddable":true,"href":"https:\/\/www.iglobalshop.fi\/sv\/wp-json\/wp\/v2\/product_cat?post=11791"},{"taxonomy":"product_tag","embeddable":true,"href":"https:\/\/www.iglobalshop.fi\/sv\/wp-json\/wp\/v2\/product_tag?post=11791"}],"curies":[{"name":"wp","href":"https:\/\/api.w.org\/{rel}","templated":true}]}}