{"id":11233,"date":"2024-04-11T13:09:25","date_gmt":"2024-04-11T10:09:26","guid":{"rendered":"https:\/\/www.iglobalshop.fi\/?post_type=product&#038;p=11233"},"modified":"2024-04-11T14:58:13","modified_gmt":"2024-04-11T11:58:13","slug":"samsung-galaxy-s20fe-128gb-rosa-kopio","status":"publish","type":"product","link":"https:\/\/www.iglobalshop.fi\/sv\/produkt\/samsung-galaxy-s20fe-128gb-rosa-kopio\/","title":{"rendered":"Samsung Galaxy S20FE 5G 128GB Rosa"},"content":{"rendered":"<div class=\"tws-unique-selling-points--wrapper\">\n<div class=\"tws-unique-selling-points--wrapper\">\n<div class=\"tws-unique-selling-points--wrapper\">\n<div class=\"tws-unique-selling-points--wrapper\">\n<p style=\"text-align: left;\">Toimitamme kaikki tuotteet 2-4 arkip\u00e4iv\u00e4n kuluessa Postin, Matkahuollon tai USP kautta. L\u00e4het\u00e4mme klo 14 menness\u00e4 tulleet tilaukset saman p\u00e4iv\u00e4n aikana. Voit valita kassalla k\u00e4yt\u00f6ss\u00e4 olevista toimitustavoista sinulle parhaiten sopivan vaihtoehdon.<\/p>\n<p><strong>Postipaketti &#8211; 6,90\u20ac<\/strong><\/p>\n<p style=\"text-align: left;\"><strong>Matkahuolto &#8211; 6,90\u20ac<\/strong><\/p>\n<p style=\"text-align: left;\"><strong>UPS &#8211; 24,90\u20ac<\/strong><\/p>\n<\/div>\n<\/div>\n<\/div>\n<\/div>\n","protected":false},"excerpt":{"rendered":"<p><span class=\"elementor-icon-list-text\"><br \/>\n<i class=\"fas fa-plug\" aria-hidden=\"true\"><\/i><\/span><span style=\"font-weight: 400;\">\u00a0 \u00a0 \u00a0Latauskaapeli ja SIM-korttipaikan avaaja sis\u00e4ltyy jokaiseen ostoon.<\/span><\/p>\n<p><i class=\"fas fa-battery-three-quarters\" aria-hidden=\"true\"><\/i><span class=\"elementor-icon-list-text\"><span style=\"font-weight: 400;\">\u00a0 \u00a0 \u00a0Kaikkien puhelimien akuilla on eritt\u00e4in hyv\u00e4, v\u00e4hint\u00e4\u00e4n 80%, kapasiteetti. <\/span><\/span><\/p>\n<p><i class=\"fas fa-shield-alt\" aria-hidden=\"true\"><\/i><span class=\"elementor-icon-list-text\"><span style=\"font-weight: 400;\">\u00a0 \u00a0 \u00a0iGlobal tarjoaa maksuttoman 12 kuukauden takuun puhelimien, tietokoneiden ja tablettien ostoissa.<\/span><\/span><\/p>\n<p><i class=\"fas fa-shipping-fast\" aria-hidden=\"true\"><\/i><span class=\"elementor-icon-list-text\"><span style=\"font-weight: 400;\">\u00a0 \u00a0 \u00a01-3 arkip\u00e4iv\u00e4n toimitus l\u00e4himm\u00e4lle noutopisteellesi.<\/span><\/span><\/p>\n<p><i class=\"far fa-thumbs-up\" aria-hidden=\"true\"><\/i><span class=\"elementor-icon-list-text\"><span style=\"font-weight: 400;\">\u00a0 \u00a0 \u00a0Sinulla on aina 14 p\u00e4iv\u00e4n ilmainen vaihto- ja palautusoikeus puhelimeesi.<\/span><\/span><\/p>\n","protected":false},"featured_media":10488,"template":"","meta":{"_acf_changed":false},"product_cat":[256,260],"product_tag":[],"class_list":{"0":"post-11233","1":"product","2":"type-product","3":"status-publish","4":"has-post-thumbnail","6":"product_cat-telefoner","7":"product_cat-samsung-sv","8":"pa_kuntoluokka-som-ny","9":"pa_valmistaja-samsung-sv","11":"first","12":"outofstock","13":"sale","14":"sold-individually","15":"purchasable","16":"product-type-simple"},"acf":[],"_links":{"self":[{"href":"https:\/\/www.iglobalshop.fi\/sv\/wp-json\/wp\/v2\/product\/11233","targetHints":{"allow":["GET"]}}],"collection":[{"href":"https:\/\/www.iglobalshop.fi\/sv\/wp-json\/wp\/v2\/product"}],"about":[{"href":"https:\/\/www.iglobalshop.fi\/sv\/wp-json\/wp\/v2\/types\/product"}],"wp:featuredmedia":[{"embeddable":true,"href":"https:\/\/www.iglobalshop.fi\/sv\/wp-json\/wp\/v2\/media\/10488"}],"wp:attachment":[{"href":"https:\/\/www.iglobalshop.fi\/sv\/wp-json\/wp\/v2\/media?parent=11233"}],"wp:term":[{"taxonomy":"product_cat","embeddable":true,"href":"https:\/\/www.iglobalshop.fi\/sv\/wp-json\/wp\/v2\/product_cat?post=11233"},{"taxonomy":"product_tag","embeddable":true,"href":"https:\/\/www.iglobalshop.fi\/sv\/wp-json\/wp\/v2\/product_tag?post=11233"}],"curies":[{"name":"wp","href":"https:\/\/api.w.org\/{rel}","templated":true}]}}