{"id":11013,"date":"2024-01-19T10:17:28","date_gmt":"2024-01-19T08:17:28","guid":{"rendered":"https:\/\/www.iglobalshop.fi\/?post_type=product&#038;p=11013"},"modified":"2024-01-19T10:17:48","modified_gmt":"2024-01-19T08:17:48","slug":"apple-iphone-15-pro-suojakuori-clear","status":"publish","type":"product","link":"https:\/\/www.iglobalshop.fi\/sv\/produkt\/apple-iphone-15-pro-suojakuori-clear\/","title":{"rendered":"Apple iPhone 15 Pro Suojakuori Clear"},"content":{"rendered":"<div class=\"tws-unique-selling-points--wrapper\">\n<div class=\"tws-unique-selling-points--wrapper\">\n<p>Alla produkter levereras p\u00e5 2-4 vardagar med posten, matkahuolto eller UPS. Best\u00e4llningar gjorda senast kl 14.00 skickas iv\u00e4g samma dag. I kassan kan du v\u00e4lja det leveranss\u00e4tt som passar b\u00e4st f\u00f6r dig.<\/p>\n<p><strong>Postpaket &#8211; 6,90\u20ac<\/strong><\/p>\n<p><strong>Matkahuolto &#8211; 6,90\u20ac<\/strong><\/p>\n<p><strong>UPS &#8211; 24,90\u20ac<\/strong><\/p>\n<\/div>\n<\/div>\n","protected":false},"excerpt":{"rendered":"<p>\u2022 Transparent och f\u00f6rst\u00e4rkt skydd f\u00f6r din telefon<\/p>\n<p>\u2022 Skalen \u00e4r l\u00e4tta, slitstarka och bekv\u00e4ma<\/p>\n<p>\u2022 Skyddet p\u00e5verkar inte tr\u00e5dl\u00f6s laddning<\/p>\n<p>\u2022 Beh\u00e5ller telefonen i gott skick<\/p>\n","protected":false},"featured_media":5488,"template":"","meta":{"_acf_changed":false},"product_cat":[264,261],"product_tag":[],"class_list":{"0":"post-11013","1":"product","2":"type-product","3":"status-publish","4":"has-post-thumbnail","6":"product_cat-skyddsskal","7":"product_cat-tillbehor","8":"pa_valmistaja-apple-sv","10":"first","11":"instock","12":"taxable","13":"shipping-taxable","14":"purchasable","15":"product-type-simple"},"acf":[],"_links":{"self":[{"href":"https:\/\/www.iglobalshop.fi\/sv\/wp-json\/wp\/v2\/product\/11013","targetHints":{"allow":["GET"]}}],"collection":[{"href":"https:\/\/www.iglobalshop.fi\/sv\/wp-json\/wp\/v2\/product"}],"about":[{"href":"https:\/\/www.iglobalshop.fi\/sv\/wp-json\/wp\/v2\/types\/product"}],"wp:featuredmedia":[{"embeddable":true,"href":"https:\/\/www.iglobalshop.fi\/sv\/wp-json\/wp\/v2\/media\/5488"}],"wp:attachment":[{"href":"https:\/\/www.iglobalshop.fi\/sv\/wp-json\/wp\/v2\/media?parent=11013"}],"wp:term":[{"taxonomy":"product_cat","embeddable":true,"href":"https:\/\/www.iglobalshop.fi\/sv\/wp-json\/wp\/v2\/product_cat?post=11013"},{"taxonomy":"product_tag","embeddable":true,"href":"https:\/\/www.iglobalshop.fi\/sv\/wp-json\/wp\/v2\/product_tag?post=11013"}],"curies":[{"name":"wp","href":"https:\/\/api.w.org\/{rel}","templated":true}]}}