{"id":4536,"date":"2021-10-19T10:50:58","date_gmt":"2021-10-19T07:50:58","guid":{"rendered":"https:\/\/www.iglobalshop.fi\/om-oss\/"},"modified":"2021-12-19T12:42:27","modified_gmt":"2021-12-19T10:42:27","slug":"om-oss","status":"publish","type":"page","link":"https:\/\/www.iglobalshop.fi\/sv\/om-oss\/","title":{"rendered":"Om oss"},"content":{"rendered":"\t\t<div data-elementor-type=\"wp-page\" data-elementor-id=\"4536\" class=\"elementor elementor-4536 elementor-1384\" data-elementor-post-type=\"page\">\n\t\t\t\t\t\t<section class=\"elementor-section elementor-top-section elementor-element elementor-element-eed8e77 rey-section-stretched elementor-section-height-min-height rey-section-bg--classic elementor-section-boxed elementor-section-height-default elementor-section-items-middle\" data-id=\"eed8e77\" data-element_type=\"section\" data-settings=\"{&quot;background_background&quot;:&quot;classic&quot;}\">\n\t\t\t\t\t\t\t<div class=\"elementor-background-overlay\"><\/div>\n\t\t\t\t\t\t\t<div class=\"elementor-container elementor-column-gap-default\">\n\t\t\t\t\t<div class=\"elementor-column elementor-col-100 elementor-top-column elementor-element elementor-element-2a4eef0\" data-id=\"2a4eef0\" data-element_type=\"column\">\n\t\t\t<div class=\"elementor-column-wrap--2a4eef0 elementor-widget-wrap elementor-element-populated\">\n\t\t\t\t\t\t<div class=\"elementor-element elementor-element-1ba7adb el-mark--out elementor-widget elementor-widget-heading\" data-id=\"1ba7adb\" data-element_type=\"widget\" data-widget_type=\"heading.default\">\n\t\t\t\t<div class=\"elementor-widget-container\">\n\t\t\t\t\t<h2 class=\"elementor-heading-title elementor-size-default\">V\u00e5r story<\/h2>\t\t\t\t<\/div>\n\t\t\t\t<\/div>\n\t\t\t\t<div class=\"elementor-element elementor-element-488ff15 elementor-widget elementor-widget-reycore-scroll-decorations\" data-id=\"488ff15\" data-element_type=\"widget\" data-widget_type=\"reycore-scroll-decorations.default\">\n\t\t\t\t<div class=\"elementor-widget-container\">\n\t\t\t\t\t\t\t<a href=\"#\" class=\"rey-scrollDeco rey-scrollDeco--default\" data-target=\"next\" data-lazy-hidden>\n\t\t\n\t\t\n\t\t<span class=\"rey-scrollDeco-line\"><\/span>\n\n\t\t<\/a>\t\t\t\t<\/div>\n\t\t\t\t<\/div>\n\t\t\t\t\t<\/div>\n\t\t<\/div>\n\t\t\t\t\t<\/div>\n\t\t<\/section>\n\t\t\t\t<section class=\"elementor-section elementor-top-section elementor-element elementor-element-2d428de elementor-section-boxed elementor-section-height-default elementor-section-height-default\" data-id=\"2d428de\" data-element_type=\"section\">\n\t\t\t\t\t\t<div class=\"elementor-container elementor-column-gap-default\">\n\t\t\t\t\t<div class=\"elementor-column elementor-col-100 elementor-top-column elementor-element elementor-element-4e41d36\" data-id=\"4e41d36\" data-element_type=\"column\">\n\t\t\t<div class=\"elementor-column-wrap--4e41d36 elementor-widget-wrap elementor-element-populated\">\n\t\t\t\t\t\t<div class=\"elementor-element elementor-element-029c20c elementor-widget elementor-widget-heading\" data-id=\"029c20c\" data-element_type=\"widget\" data-widget_type=\"heading.default\">\n\t\t\t\t<div class=\"elementor-widget-container\">\n\t\t\t\t\t<h1 class=\"elementor-heading-title elementor-size-xxl\">iGlobal Solution Provider Ab Oy<\/h1>\t\t\t\t<\/div>\n\t\t\t\t<\/div>\n\t\t\t\t<div class=\"elementor-element elementor-element-491c940 elementor-widget elementor-widget-text-editor\" data-id=\"491c940\" data-element_type=\"widget\" data-widget_type=\"text-editor.default\">\n\t\t\t\t<div class=\"elementor-widget-container\">\n\t\t\t\t\t\t\t\t\t<p><span style=\"font-weight: 400;\">iGlobal Solution Ab \u00e4r ett finl\u00e4ndskt familjef\u00f6retag som brinner f\u00f6r h\u00e5llbar, \u00e5terbrukad elektronik. Kenneth Johansson grundade f\u00f6retaget 2012 och sedan dess har vi expanderat <\/span><span style=\"font-weight: 400;\">v\u00e5rt verksamhetsomr\u00e5de \u00f6ver hela landet och ut\u00f6kat v\u00e5r personalstyrka.<\/span><\/p>\n\t\t\t\t\t\t\t\t<\/div>\n\t\t\t\t<\/div>\n\t\t\t\t\t<\/div>\n\t\t<\/div>\n\t\t\t\t\t<\/div>\n\t\t<\/section>\n\t\t\t\t<section class=\"elementor-section elementor-top-section elementor-element elementor-element-e3730a9 elementor-reverse-tablet elementor-reverse-mobile elementor-section-boxed elementor-section-height-default elementor-section-height-default\" data-id=\"e3730a9\" data-element_type=\"section\">\n\t\t\t\t\t\t<div class=\"elementor-container elementor-column-gap-no\">\n\t\t\t\t\t<div class=\"elementor-column elementor-col-50 elementor-top-column elementor-element elementor-element-8907dae rey-colbg--classic\" data-id=\"8907dae\" data-element_type=\"column\" data-settings=\"{&quot;background_background&quot;:&quot;classic&quot;}\">\n\t\t\t<div class=\"elementor-column-wrap--8907dae elementor-widget-wrap elementor-element-populated\">\n\t\t\t\t\t\t<div class=\"elementor-element elementor-element-b451dd6 elementor-widget elementor-widget-heading\" data-id=\"b451dd6\" data-element_type=\"widget\" data-widget_type=\"heading.default\">\n\t\t\t\t<div class=\"elementor-widget-container\">\n\t\t\t\t\t<h2 class=\"elementor-heading-title elementor-size-default\">\u00d6sterbottens ledande akt\u00f6r p\u00e5 \u00e5terbrukade mobiler<\/h2>\t\t\t\t<\/div>\n\t\t\t\t<\/div>\n\t\t\t\t<div class=\"elementor-element elementor-element-d827f08 elementor-widget elementor-widget-text-editor\" data-id=\"d827f08\" data-element_type=\"widget\" data-widget_type=\"text-editor.default\">\n\t\t\t\t<div class=\"elementor-widget-container\">\n\t\t\t\t\t\t\t\t\t<p><span style=\"font-weight: 400;\">Vi reparerar din gamla mobil och i v\u00e5r webbshop kan du k\u00f6pa \u00e5terbrukad elektronik fr\u00e5n Apple, Samsung, Oneplus, Huawei eller Google. <\/span><span style=\"font-weight: 400;\">Vi erbjuder konkurrenskraftiga priser och\u00a0<\/span><span style=\"font-weight: 400;\">b\u00e4sta m\u00f6jliga kvalitet.<\/span><span style=\"font-weight: 400;\"><br \/>\n<\/span><\/p>\n\t\t\t\t\t\t\t\t<\/div>\n\t\t\t\t<\/div>\n\t\t\t\t\t<\/div>\n\t\t<\/div>\n\t\t\t\t<div class=\"elementor-column elementor-col-50 elementor-top-column elementor-element elementor-element-4a1ba44 rey-colbg--classic\" data-id=\"4a1ba44\" data-element_type=\"column\" data-settings=\"{&quot;background_background&quot;:&quot;classic&quot;}\">\n\t\t\t<div class=\"elementor-column-wrap--4a1ba44 elementor-widget-wrap elementor-element-populated\">\n\t\t\t\t\t\t<div class=\"elementor-element elementor-element-dcf6d9f elementor-widget elementor-widget-spacer\" data-id=\"dcf6d9f\" data-element_type=\"widget\" data-widget_type=\"spacer.default\">\n\t\t\t\t<div class=\"elementor-widget-container\">\n\t\t\t\t\t\t\t<div class=\"elementor-spacer\">\n\t\t\t<div class=\"elementor-spacer-inner\"><\/div>\n\t\t<\/div>\n\t\t\t\t\t\t<\/div>\n\t\t\t\t<\/div>\n\t\t\t\t\t<\/div>\n\t\t<\/div>\n\t\t\t\t\t<\/div>\n\t\t<\/section>\n\t\t\t\t<section class=\"elementor-section elementor-top-section elementor-element elementor-element-ae3cbf3 elementor-section-boxed elementor-section-height-default elementor-section-height-default\" data-id=\"ae3cbf3\" data-element_type=\"section\">\n\t\t\t\t\t\t<div class=\"elementor-container elementor-column-gap-no\">\n\t\t\t\t\t<div class=\"elementor-column elementor-col-50 elementor-top-column elementor-element elementor-element-512153c rey-colbg--classic\" data-id=\"512153c\" data-element_type=\"column\" data-settings=\"{&quot;background_background&quot;:&quot;classic&quot;}\">\n\t\t\t<div class=\"elementor-column-wrap--512153c elementor-widget-wrap elementor-element-populated\">\n\t\t\t\t\t\t<div class=\"elementor-element elementor-element-e637191 elementor-widget elementor-widget-spacer\" data-id=\"e637191\" data-element_type=\"widget\" data-widget_type=\"spacer.default\">\n\t\t\t\t<div class=\"elementor-widget-container\">\n\t\t\t\t\t\t\t<div class=\"elementor-spacer\">\n\t\t\t<div class=\"elementor-spacer-inner\"><\/div>\n\t\t<\/div>\n\t\t\t\t\t\t<\/div>\n\t\t\t\t<\/div>\n\t\t\t\t\t<\/div>\n\t\t<\/div>\n\t\t\t\t<div class=\"elementor-column elementor-col-50 elementor-top-column elementor-element elementor-element-e0fab34 rey-colbg--classic\" data-id=\"e0fab34\" data-element_type=\"column\" data-settings=\"{&quot;background_background&quot;:&quot;classic&quot;}\">\n\t\t\t<div class=\"elementor-column-wrap--e0fab34 elementor-widget-wrap elementor-element-populated\">\n\t\t\t\t\t\t<div class=\"elementor-element elementor-element-d4cecf3 elementor-widget elementor-widget-heading\" data-id=\"d4cecf3\" data-element_type=\"widget\" data-widget_type=\"heading.default\">\n\t\t\t\t<div class=\"elementor-widget-container\">\n\t\t\t\t\t<h2 class=\"elementor-heading-title elementor-size-default\">Ett milj\u00f6v\u00e4nligt val<\/h2>\t\t\t\t<\/div>\n\t\t\t\t<\/div>\n\t\t\t\t<div class=\"elementor-element elementor-element-65cc2ea elementor-widget elementor-widget-text-editor\" data-id=\"65cc2ea\" data-element_type=\"widget\" data-widget_type=\"text-editor.default\">\n\t\t\t\t<div class=\"elementor-widget-container\">\n\t\t\t\t\t\t\t\t\t<p><span style=\"font-weight: 400;\">Att f\u00f6rl\u00e4nga livscykeln f\u00f6r elektronik \u00e4r en h\u00e5llbarhetsg\u00e4rning. Genom ansvarsfull konsumtion och reparation av befintlig elektronik kan alla bidra till en starkare cirkul\u00e4r ekonomi. <\/span><\/p>\n\t\t\t\t\t\t\t\t<\/div>\n\t\t\t\t<\/div>\n\t\t\t\t\t<\/div>\n\t\t<\/div>\n\t\t\t\t\t<\/div>\n\t\t<\/section>\n\t\t\t\t<section class=\"elementor-section elementor-top-section elementor-element elementor-element-73407f83 elementor-section-boxed elementor-section-height-default elementor-section-height-default\" data-id=\"73407f83\" data-element_type=\"section\">\n\t\t\t\t\t\t<div class=\"elementor-container elementor-column-gap-default\">\n\t\t\t\t\t<div class=\"elementor-column elementor-col-100 elementor-top-column elementor-element elementor-element-1b8b3518\" data-id=\"1b8b3518\" data-element_type=\"column\">\n\t\t\t<div class=\"elementor-column-wrap--1b8b3518 elementor-widget-wrap elementor-element-populated\">\n\t\t\t\t\t\t<div class=\"elementor-element elementor-element-920c1dd elementor-widget elementor-widget-heading\" data-id=\"920c1dd\" data-element_type=\"widget\" data-widget_type=\"heading.default\">\n\t\t\t\t<div class=\"elementor-widget-container\">\n\t\t\t\t\t<h2 class=\"elementor-heading-title elementor-size-default\">Din expert f\u00f6r \u00c5terbrukade smarttelefoner <\/h2>\t\t\t\t<\/div>\n\t\t\t\t<\/div>\n\t\t\t\t<div class=\"elementor-element elementor-element-3a4744ef elementor-widget elementor-widget-text-editor\" data-id=\"3a4744ef\" data-element_type=\"widget\" data-widget_type=\"text-editor.default\">\n\t\t\t\t<div class=\"elementor-widget-container\">\n\t\t\t\t\t\t\t\t\t<p><span style=\"font-weight: 400;\">V\u00e5r fysiska aff\u00e4r hittar du p\u00e5 Storgatan 18 i centrum av Jakobstad. V\u00e4lkommen in!<\/span><\/p>\t\t\t\t\t\t\t\t<\/div>\n\t\t\t\t<\/div>\n\t\t\t\t\t<\/div>\n\t\t<\/div>\n\t\t\t\t\t<\/div>\n\t\t<\/section>\n\t\t\t\t<section class=\"elementor-section elementor-top-section elementor-element elementor-element-11032b elementor-section-boxed elementor-section-height-default elementor-section-height-default\" data-id=\"11032b\" data-element_type=\"section\">\n\t\t\t\t\t\t<div class=\"elementor-container elementor-column-gap-default\">\n\t\t\t\t\t<div class=\"elementor-column elementor-col-100 elementor-top-column elementor-element elementor-element-7fc7e6b5 rey-colbg--classic\" data-id=\"7fc7e6b5\" data-element_type=\"column\" data-settings=\"{&quot;background_background&quot;:&quot;classic&quot;}\">\n\t\t\t<div class=\"elementor-column-wrap--7fc7e6b5 elementor-widget-wrap elementor-element-populated\">\n\t\t\t\t\t\t<div class=\"elementor-element elementor-element-c8bf0dd elementor-widget elementor-widget-spacer\" data-id=\"c8bf0dd\" data-element_type=\"widget\" data-widget_type=\"spacer.default\">\n\t\t\t\t<div class=\"elementor-widget-container\">\n\t\t\t\t\t\t\t<div class=\"elementor-spacer\">\n\t\t\t<div class=\"elementor-spacer-inner\"><\/div>\n\t\t<\/div>\n\t\t\t\t\t\t<\/div>\n\t\t\t\t<\/div>\n\t\t\t\t\t<\/div>\n\t\t<\/div>\n\t\t\t\t\t<\/div>\n\t\t<\/section>\n\t\t\t\t<\/div>\n\t\t","protected":false},"excerpt":{"rendered":"<p>V\u00e5r story iGlobal Solution Provider Ab Oy iGlobal Solution Ab \u00e4r ett finl\u00e4ndskt familjef\u00f6retag som brinner f\u00f6r h\u00e5llbar, \u00e5terbrukad elektronik. Kenneth Johansson grundade f\u00f6retaget 2012 och sedan dess har vi expanderat v\u00e5rt verksamhetsomr\u00e5de \u00f6ver hela landet och ut\u00f6kat v\u00e5r personalstyrka. \u00d6sterbottens ledande akt\u00f6r p\u00e5 \u00e5terbrukade mobiler Vi reparerar din gamla mobil och i v\u00e5r webbshop [&hellip;]<\/p>\n","protected":false},"author":1,"featured_media":0,"parent":0,"menu_order":0,"comment_status":"closed","ping_status":"closed","template":"template-builder.php","meta":{"_acf_changed":false,"footnotes":""},"class_list":["post-4536","page","type-page","status-publish","hentry"],"acf":[],"_links":{"self":[{"href":"https:\/\/www.iglobalshop.fi\/sv\/wp-json\/wp\/v2\/pages\/4536","targetHints":{"allow":["GET"]}}],"collection":[{"href":"https:\/\/www.iglobalshop.fi\/sv\/wp-json\/wp\/v2\/pages"}],"about":[{"href":"https:\/\/www.iglobalshop.fi\/sv\/wp-json\/wp\/v2\/types\/page"}],"author":[{"embeddable":true,"href":"https:\/\/www.iglobalshop.fi\/sv\/wp-json\/wp\/v2\/users\/1"}],"replies":[{"embeddable":true,"href":"https:\/\/www.iglobalshop.fi\/sv\/wp-json\/wp\/v2\/comments?post=4536"}],"version-history":[{"count":0,"href":"https:\/\/www.iglobalshop.fi\/sv\/wp-json\/wp\/v2\/pages\/4536\/revisions"}],"wp:attachment":[{"href":"https:\/\/www.iglobalshop.fi\/sv\/wp-json\/wp\/v2\/media?parent=4536"}],"curies":[{"name":"wp","href":"https:\/\/api.w.org\/{rel}","templated":true}]}}